{"id":6102,"date":"2019-04-24T10:22:50","date_gmt":"2019-04-24T15:22:50","guid":{"rendered":"https:\/\/finteqc.uqar.ca\/2019\/?page_id=6102"},"modified":"2019-06-12T11:28:44","modified_gmt":"2019-06-12T16:28:44","slug":"full-program","status":"publish","type":"page","link":"https:\/\/finteqc.uqar.ca\/2019\/full-program\/","title":{"rendered":"Full Program"},"content":{"rendered":"<h1><\/h1>\n<h1 class=\"gdlr-code-content\">\n<div class=\"gdlr-shortcode-wrapper\"><div class=\"gdlr-item-title-wrapper gdlr-item pos-left \"><div class=\"gdlr-item-title-head\"><h3 class=\"gdlr-item-title gdlr-skin-title gdlr-skin-border gdlr-title-large\">JUNE 5, 2019<\/h3><div class=\"clear\"><\/div><\/div><div class=\"gdlr-item-title-divider\"><\/div><\/div><\/div>\n<\/h1>\n<h1>\n<div class=\"gdlr-shortcode-wrapper\"><div class=\"clear\"><\/div><div class=\"gdlr-item gdlr-divider-item\"  ><div class=\"gdlr-divider solid\"  style=\"width: 75%;\" ><\/div><\/div><\/div>\n<\/h1>\n<h1><strong>REGISTRATION<\/strong><\/h1>\n<p>07:30 &#8211; 16:30\u00a0 &#8211;\u00a0L\u2019Atrium Desjardins<\/p>\n<p>&nbsp;<\/p>\n<h1><strong>WELCOME ADDRESS: <\/strong><\/h1>\n<p><strong>Jean-Pierre Ouellet,<\/strong> Recteur, UQAR.<br \/>\n<strong>Sandra Rousseau,<\/strong> Directrice principale, Desjardins Lab<\/p>\n<p>08:30 &#8211; 8:50\u00a0 &#8211; Amphith\u00e9\u00e2tre Telus<\/p>\n<p>&nbsp;<\/p>\n<h1><strong>INVITED SPEAKER: <span style=\"color: #333333;\">L&#8217;innovation au c\u0153ur de la transformation digitale<\/span><\/strong><\/h1>\n<p><strong>Fran\u00e7ois Dion<\/strong>, CIO, Levio conseils<br \/>\n08:50 &#8211; 9:35\u00a0 &#8211; Amphith\u00e9\u00e2tre Telus<\/p>\n<p>&nbsp;<\/p>\n<p><strong>COFFEE BREAK<\/strong><br \/>\n09:35 &#8211; 09:55<\/p>\n<p>&nbsp;<\/p>\n<h1><strong>PANEL 1:\u00a0 Intelligence artificielle en Finance : D\u00e9fis et opportunit\u00e9s<\/strong><\/h1>\n<p>10:00 &#8211; 11:15 &#8211; Amphith\u00e9\u00e2tre Telus<\/p>\n<div class=\"gdlr-shortcode-wrapper\"><div class=\"gdlr-item gdlr-accordion-item gdlr-multiple-tab style-1\"  ><div class=\"accordion-tab\" ><h4 class=\"accordion-title\" ><i class=\"icon-plus\" ><\/i><span>Intervenants<\/span><\/h4><div class=\"accordion-content\"><p>Facilitator<br \/>\n<strong>Loubna Benabbou<\/strong> (UQAR)<\/p>\n<p>Panelists<br \/>\n<strong>Sarah Legendre Bilodeau,<\/strong> Data scientist, charg\u00e9e de cours en AA \u00e0 HEC Montr\u00e9al, co-fondatrice de VIDENS<br \/>\n<strong>Serge Lefebvre<\/strong>, Directeur principal, Direction principale connaissance clients et analytique avanc\u00e9e (DESJARDINS)<br \/>\n<strong>Maxime Dumas<\/strong>, Chercheur, Innovation Technologique chez Croesus et Professeur Associ\u00e9 \u00e0 l\u2019\u00c9TS, Montr\u00e9al<br \/>\n<strong>Mohammed Hanini,<\/strong> Fondateur, CEO et Scientifique en Chef\u00a0 (Ko\u00efos Intelligence)<br \/>\n<strong>Ivan Tchotourian,\u00a0<\/strong>Professeur et codirecteur du centre d\u2019\u00e9tudes en droit \u00e9conomique (Facult\u00e9 de Droit, Universit\u00e9 Laval)<\/p>\n<\/div><\/div><\/div><\/div>\n<p>&nbsp;<\/p>\n<h1><strong>INVITED SPEAKER: Asset Tokenization: What it is and why it matters?<\/strong><\/h1>\n<p><strong>Patrick Sch\u00fcffel, <\/strong>School of Management Fribourg, Switzerland<br \/>\n11:15 &#8211; 12:00\u00a0 &#8211; Amphith\u00e9\u00e2tre Telus<\/p>\n<p>&nbsp;<\/p>\n<p><strong>Lunch<\/strong><br \/>\n12:00 &#8211; 13:05\u00a0 &#8211; Caf\u00e9t\u00e9ria<\/p>\n<p>&nbsp;<\/p>\n<h1><strong>TRACK A: WORLD CAF\u00c9. L\u2019impact des nouvelles technologies sur les humains<\/strong><\/h1>\n<p>13:05 &#8211; 14:20 &#8211; Pub L&#8217;interdit<\/p>\n<p>&nbsp;<\/p>\n<h1><strong>TRACK B: WORKSHOP. Technologie Blockchain en Fintech\u00a0<\/strong><\/h1>\n<p><strong>Quentin Kayila <\/strong>(COFOMO)<\/p>\n<p>13:15 &#8211; 14:15 &#8211; Amphith\u00e9\u00e2tre Telus<\/p>\n<p>&nbsp;<\/p>\n<h1><strong>TRACK A: PANEL 2. L\u2019\u00e9thique, propri\u00e9t\u00e9 et gouvernance autour de la donn\u00e9e<\/strong><\/h1>\n<p>14:20 &#8211; 15:35 &#8211; Amphith\u00e9\u00e2tre Telus<\/p>\n<div class=\"gdlr-shortcode-wrapper\"><div class=\"gdlr-item gdlr-accordion-item gdlr-multiple-tab style-1\"  ><div class=\"accordion-tab\" ><h4 class=\"accordion-title\" ><i class=\"icon-plus\" ><\/i><span>Intervenants<\/span><\/h4><div class=\"accordion-content\"><p>Facilitator<br \/>\n<strong>Isabelle Tardif,<\/strong> Leader de pratique &#8211; gouvernance de donn\u00e9es (Desjardins)<\/p>\n<p>Panelists<\/p>\n<p><strong>St\u00e9phane Rouillon,<\/strong> Conseiller senior aux partenariats, Institut de Valorisation des Donn\u00e9es (IVADO)<br \/>\n<strong>Dominique Samson<\/strong>, Director of Revenue &amp; Advocacy (Flinks)<br \/>\n<strong>Marc Lacoursi\u00e8re,<\/strong> Avocat, Professeur titulaire, Facult\u00e9 de droit (Universit\u00e9 Laval)<br \/>\n<strong>Marylise Caron,<\/strong> Avocate, experte des aspects l\u00e9gaux des nouvelles technologies,(Autorit\u00e9 des march\u00e9s financiers)<\/p>\n<\/div><\/div><\/div><\/div>\n<p>&nbsp;<\/p>\n<h1><strong>TRACK B: SESSION 1. Machine Learning &#8211; Cryptocurrencies\u00a0<\/strong><\/h1>\n<p>14:20 &#8211; 15:35\u00a0 &#8211; Room 4034<\/p>\n<p>Session chair:\u00a0<strong>Louis Babineau<\/strong> (UQAR)<\/p>\n<div class=\"gdlr-shortcode-wrapper\"><div class=\"gdlr-item gdlr-accordion-item gdlr-multiple-tab style-1\"  ><div class=\"accordion-tab\" ><h4 class=\"accordion-title\" ><i class=\"icon-plus\" ><\/i><span><strong>Towards a Machine Learning Framework for Stock Market Prediction<\/strong><\/span><\/h4><div class=\"accordion-content\"><ul>\n<li><strong>Badre Labiad<\/strong> (Ecole Mohammadia d\u2019Ing\u00e9nieurs, Mohammed V University)<\/li>\n<li><strong>Loubna Benabbou<\/strong> (UQAR)<\/li>\n<li><strong>Abdelaziz Berrado<\/strong> (Ecole Mohammadia d\u2019Ing\u00e9nieurs, Mohammed V University)<br \/>\n<\/div><\/div><\/div><\/div>\n<\/li>\n<\/ul>\n<div class=\"gdlr-shortcode-wrapper\"><div class=\"gdlr-item gdlr-accordion-item gdlr-multiple-tab style-1\"  ><div class=\"accordion-tab\" ><h4 class=\"accordion-title\" ><i class=\"icon-plus\" ><\/i><span>Decentralized exchanges in B2B<\/span><\/h4><div class=\"accordion-content\"><ul>\n<li><strong>Mieszko Mazur<\/strong> (IESEG School of Management)<\/li>\n<\/ul>\n<\/div><\/div><\/div><\/div>\n<div class=\"gdlr-shortcode-wrapper\"><div class=\"gdlr-item gdlr-accordion-item gdlr-multiple-tab style-1\"  ><div class=\"accordion-tab\" ><h4 class=\"accordion-title\" ><i class=\"icon-plus\" ><\/i><span>Speculation, Overpricing, and Arbitrage in the Bitcoin Spot and Futures Markets<\/span><\/h4><div class=\"accordion-content\"><ul>\n<li><strong>Seungho Lee<\/strong> (John Molson School of Business, Concordia University)<\/li>\n<li><strong>Lorne N. Switzer<\/strong> (John Molson School of Business, Concordia University)<br \/>\n<\/div><\/div><\/div><\/div>\n<\/li>\n<\/ul>\n<p>&nbsp;<\/p>\n<p><strong>COFFEE BREAK<\/strong><br \/>\n15:35 &#8211; 15:50<\/p>\n<p>&nbsp;<\/p>\n<h1><strong>INVITED SPEAKER: Open Banking anticipated to Improve Customer Onboarding<\/strong><\/h1>\n<p><strong>James Burnick, <\/strong>Managing Director, Financial Services Soltuions, Pitney Bowes (USA)<br \/>\n15:50- 16:35 &#8211; Amphith\u00e9\u00e2tre Telus<\/p>\n<p>&nbsp;<\/p>\n<h1><strong>SOCIAL EVENT @ Desjardins : Basilaire LOUNGE B2\u00a0<\/strong><br \/>\n17:30 &#8211; 20:00<\/h1>\n<h2>150 Des Commandeurs \u2013 L\u00e9vis<\/h2>\n<p>&nbsp;<\/p>\n<p>&nbsp;<\/p>\n<h1 class=\"gdlr-code-content\">\u00a0<\/p>\n<div class=\"gdlr-shortcode-wrapper\"><div class=\"gdlr-item-title-wrapper gdlr-item pos-left \"><div class=\"gdlr-item-title-head\"><h3 class=\"gdlr-item-title gdlr-skin-title gdlr-skin-border gdlr-title-large\">JUNE 6, 2019<\/h3><div class=\"clear\"><\/div><\/div><div class=\"gdlr-item-title-divider\"><\/div><\/div><\/div>\n<\/h1>\n<div class=\"gdlr-shortcode-wrapper\"><div class=\"clear\"><\/div><div class=\"gdlr-item gdlr-divider-item\"  ><div class=\"gdlr-divider solid\"  style=\"width: 75%;\" ><\/div><\/div><\/div>\n<h1><strong>REGISTRATION<\/strong><\/h1>\n<p>07:30 &#8211; 15:00\u00a0 &#8211; L\u2019Atrium Desjardins<\/p>\n<p>&nbsp;<\/p>\n<h1><strong>INVITED SPEAKER: The API Economy and Digital Transformation in Financial Services: The Case of Open Banking<\/strong><\/h1>\n<p><strong>Markos Zachariadis, <\/strong>Warwick Business School<br \/>\n08:30- 09:20 &#8211; Amphith\u00e9\u00e2tre Telus<\/p>\n<p>&nbsp;<\/p>\n<h1><\/h1>\n<h1><strong>PANEL 3: Cybers\u00e9curit\u00e9, appui primordial dans l\u2019int\u00e9gration de solution Fintech<\/strong><\/h1>\n<p>09:25 &#8211; 10:40 &#8211; Amphith\u00e9\u00e2tre Telus<\/p>\n<div class=\"gdlr-shortcode-wrapper\"><div class=\"gdlr-item gdlr-accordion-item gdlr-multiple-tab style-1\"  ><div class=\"accordion-tab\" ><h4 class=\"accordion-title\" ><i class=\"icon-plus\" ><\/i><span>Intervenants<\/span><\/h4><div class=\"accordion-content\"><p>Facilitator<br \/>\n<strong>St\u00e9phane Fleurant,<\/strong> Responsable s\u00e9curit\u00e9 de l\u2019information \u2013 Division Assurance de dommages (Desjardins)<\/p>\n<p>Panelists<br \/>\n<strong>Pierre-Alexis Tremblay,<\/strong> Directeur de la s\u00e9curit\u00e9 de l\u2019information et d\u00e9l\u00e9gu\u00e9 \u00e0 la protection des donn\u00e9es, (COVEO)<br \/>\n<strong>Me Elhadji M. Niang,<\/strong> Avocat et conseiller en s\u00e9curit\u00e9 informatique, (IBA-Avocat et pigiste)<br \/>\n<strong>S\u00e9bastien Messier<\/strong>, Directeur de la direction S\u00e9curit\u00e9 de l&#8217;information (Desjardins)<br \/>\n<strong>Mathieu Lavoie,<\/strong> CEO (Flare System)<\/p>\n<\/div><\/div><\/div><\/div>\n<p>&nbsp;<\/p>\n<p><strong>COFFEE\u00a0 BREAK<\/strong><br \/>\n10:40 &#8211; 11:00<\/p>\n<p>&nbsp;<\/p>\n<p>&nbsp;<\/p>\n<h1><strong>TRACK A: SESSION 2. Financial services &amp; Digital transformation<\/strong><\/h1>\n<p>11:00- 12:15 &#8211; Amphith\u00e9\u00e2tre Telus<\/p>\n<p><strong>The three presentations below are nominated for the Best Communication Award<\/strong><\/p>\n<p>Session chair : <strong>Daniel Plamondon<\/strong>\u00a0 (UQAR)<\/p>\n<div class=\"gdlr-shortcode-wrapper\"><div class=\"gdlr-item gdlr-accordion-item gdlr-multiple-tab style-1\"  ><div class=\"accordion-tab\" ><h4 class=\"accordion-title\" ><i class=\"icon-plus\" ><\/i><span>La coop\u00e9tition entre les institutions financi\u00e8res et les Fintechs et le lien avec l\u2019innovation : une approche par les microfondations et les capacit\u00e9s dynamiques <\/span><\/h4><div class=\"accordion-content\"><ul>\n<li><strong>Majdi Ben Selma<\/strong> (ESG, UQAM)<\/li>\n<li><strong>Alexie Labouze-Nasica\u00a0<\/strong> (ESG, UQAM)<\/li>\n<\/ul>\n<\/div><\/div><\/div><\/div>\n<div class=\"gdlr-shortcode-wrapper\"><div class=\"gdlr-item gdlr-accordion-item gdlr-multiple-tab style-1\"  ><div class=\"accordion-tab\" ><h4 class=\"accordion-title\" ><i class=\"icon-plus\" ><\/i><span>Designing Technologies for Financial Transactions Across Borders <\/span><\/h4><div class=\"accordion-content\"><ul>\n<li><strong>Yasaman Rohanifar\u00a0<\/strong> (University of Toronto)<\/li>\n<li><strong>Mohammad Rashidujjaman Rifat<\/strong>\u00a0(University of Toronto)<\/li>\n<li><strong>Syed Ishtiaque Ahmed<\/strong> (University of Toronto)<\/li>\n<\/ul>\n<\/div><\/div><\/div><\/div>\n<div class=\"gdlr-shortcode-wrapper\"><div class=\"gdlr-item gdlr-accordion-item gdlr-multiple-tab style-1\"  ><div class=\"accordion-tab\" ><h4 class=\"accordion-title\" ><i class=\"icon-plus\" ><\/i><span>Digital Transformation of Accounting and Finance in the Context of SMEs: a Systematic Literature Review <\/span><\/h4><div class=\"accordion-content\"><ul>\n<li><strong>Hien Hoang<\/strong> (UQTR)<\/li>\n<li><strong>Thang Le Dinh<\/strong> (UQTR)<\/li>\n<\/ul>\n<\/div><\/div><\/div><\/div>\n<p>&nbsp;<\/p>\n<p>&nbsp;<\/p>\n<p>&nbsp;<\/p>\n<h1><strong>TRACK B: SESSION 3. Emergent Technologies in the Financial sector<\/strong><\/h1>\n<p>11:00- 12:15\u00a0 &#8211;\u00a0 Salle 4034<\/p>\n<p>Session chair: <strong>Denis J. Garand <\/strong>(Universit\u00e9 Laval)<\/p>\n<div class=\"gdlr-shortcode-wrapper\"><div class=\"gdlr-item gdlr-accordion-item gdlr-multiple-tab style-1\"  ><div class=\"accordion-tab\" ><h4 class=\"accordion-title\" ><i class=\"icon-plus\" ><\/i><span>Brawl at the Gates: How Distributed Ledger Technology is Transforming the Financial Services Sector<\/span><\/h4><div class=\"accordion-content\"><ul>\n<li><strong>Mieszko Mazur<\/strong> (IESEG School of Management)<\/li>\n<\/ul>\n<\/div><\/div><\/div><\/div>\n<div class=\"gdlr-shortcode-wrapper\"><div class=\"gdlr-item gdlr-accordion-item gdlr-multiple-tab style-1\"  ><div class=\"accordion-tab\" ><h4 class=\"accordion-title\" ><i class=\"icon-plus\" ><\/i><span>M\u00e9tamorphose technologique et institutions financi\u00e8res <\/span><\/h4><div class=\"accordion-content\"><ul>\n<li><strong>Ivan Tchotourian<\/strong> (Universit\u00e9 Laval)<\/li>\n<li><strong>Marc Lacoursi\u00e8re\u00a0<\/strong>(Universit\u00e9 Laval)<\/li>\n<\/ul>\n<\/div><\/div><\/div><\/div>\n<div class=\"gdlr-shortcode-wrapper\"><div class=\"gdlr-item gdlr-accordion-item gdlr-multiple-tab style-1\"  ><div class=\"accordion-tab\" ><h4 class=\"accordion-title\" ><i class=\"icon-plus\" ><\/i><span><strong>Peer-to-peer lending: Leveling the Playing Field?<\/strong><\/span><\/h4><div class=\"accordion-content\"><ul>\n<li><strong>Herman A. van den Berg<\/strong> (Lakehead University)<\/li>\n<\/ul>\n<\/div><\/div><\/div><\/div>\n<p>&nbsp;<\/p>\n<p>&nbsp;<\/p>\n<p><strong>Lunch<\/strong><br \/>\n12:15 &#8211; 13:30\u00a0 &#8211; CAF\u00c9T\u00c9RIA<\/p>\n<p>&nbsp;<\/p>\n<h1><strong>TRACK A: PANEL 4. Partnerships &#8211; Quebec&#8217;s Key to Global Fintech Leadership<\/strong><\/h1>\n<p>13:30 &#8211; 14:45 &#8211; Amphith\u00e9\u00e2tre Telus<\/p>\n<div class=\"gdlr-shortcode-wrapper\"><div class=\"gdlr-item gdlr-accordion-item gdlr-multiple-tab style-1\"  ><div class=\"accordion-tab\" ><h4 class=\"accordion-title\" ><i class=\"icon-plus\" ><\/i><span>Intervenants<\/span><\/h4><div class=\"accordion-content\"><p>Facilitator<br \/>\n<strong>Jan Arp Holt,<\/strong> Founding Managing Partner, (Holt accelerator)<\/p>\n<p>Panelists<br \/>\n<strong>Rheia Khalaf,<\/strong> Directrice, Recherche Collaborative et Partenariats &#8211; R\u00e9seau Fin-ML (IVADO)<br \/>\n<strong>Rim Charkani, <\/strong>Cofondatrice et CEO (CRZUS)<br \/>\n<strong>Brice Penaud,<\/strong> CEO (Commercial Passport)<br \/>\n<strong>Simon Langlois,<\/strong> Cofounder &amp; CEO (Stamped.ai)<\/p>\n<\/div><\/div><\/div><\/div>\n<p>&nbsp;<\/p>\n<p>&nbsp;<\/p>\n<h1><strong>TRACK B: SESSION 4. Social considerations in Fintech<\/strong><\/h1>\n<p>13:30 &#8211; 14:45 &#8211; Salle 4034<\/p>\n<p>Session chair: <strong>Mouelhi Chaouki\u00a0<\/strong>(UQAR)<\/p>\n<div class=\"gdlr-shortcode-wrapper\"><div class=\"gdlr-item gdlr-accordion-item gdlr-multiple-tab style-1\"  ><div class=\"accordion-tab\" ><h4 class=\"accordion-title\" ><i class=\"icon-plus\" ><\/i><span>Change, FinTech, and Social Networks: New Norms, New Values <\/span><\/h4><div class=\"accordion-content\"><ul>\n<li><strong>Edgar Bellow<\/strong> (NEOMA Business School)<\/li>\n<li><strong>Az-Eddine Bennan<\/strong>i (NEOMA Business School)<\/li>\n<li><strong>Samuel Ouzan (<\/strong>NEOMA Business School)<\/li>\n<\/ul>\n<\/div><\/div><\/div><\/div>\n<div class=\"gdlr-shortcode-wrapper\"><div class=\"gdlr-item gdlr-accordion-item gdlr-multiple-tab style-1\"  ><div class=\"accordion-tab\" ><h4 class=\"accordion-title\" ><i class=\"icon-plus\" ><\/i><span>Enforcing Lifecycle Constraints on Electronic Loan Agreements<\/span><\/h4><div class=\"accordion-content\"><ul>\n<li><strong>Rania Taleb <\/strong>(Universit\u00e9 du Qu\u00e9bec \u00e0 Chicoutimi)<\/li>\n<li><strong>Quentin Betti<\/strong>\u00a0 (Universit\u00e9 du Qu\u00e9bec \u00e0 Chicoutimi)<\/li>\n<li><strong>Rapha\u00ebl Khoury<\/strong> (Universit\u00e9 du Qu\u00e9bec \u00e0 Chicoutimi)<\/li>\n<li><strong>Sylvain Hall\u00e9<\/strong> (Universit\u00e9 du Qu\u00e9bec \u00e0 Chicoutimi),<\/li>\n<li><strong>Hamid Mcheick<\/strong> (Universit\u00e9 du Qu\u00e9bec \u00e0 Chicoutimi),<\/li>\n<li><strong>Mehdi Adda<\/strong> (UQAR)<\/li>\n<\/ul>\n<\/div><\/div><\/div><\/div>\n<div class=\"gdlr-shortcode-wrapper\"><div class=\"gdlr-item gdlr-accordion-item gdlr-multiple-tab style-1\"  ><div class=\"accordion-tab\" ><h4 class=\"accordion-title\" ><i class=\"icon-plus\" ><\/i><span>Peer-to-peer lending: Is there a borrower gender divide? <\/span><\/h4><div class=\"accordion-content\"><ul>\n<li><strong>Herman A. van den Berg<\/strong> (Lakehead University)<\/li>\n<\/ul>\n<\/div><\/div><\/div><\/div>\n<p>&nbsp;<\/p>\n<p>&nbsp;<\/p>\n<p><strong>COFFEE BREAK<\/strong><br \/>\n14:45 &#8211; 15:00<\/p>\n<p>&nbsp;<\/p>\n<h1><strong>STARTUPS PITCH BATTLE<\/strong><\/h1>\n<p>15:00-15:25<\/p>\n<p><strong>Prix coup de c\u0153ur du public<\/strong> : CRZUS FINANCIAL TECHNOLOGY INC. Rim Charkani, co-founder &amp; CEO<\/p>\n<h1><strong>BEST COMMUNICATION AWARD RECIPIENTS ANNOUCEMENT<\/strong><\/h1>\n<p>By <strong>Sylvie Morin,<\/strong> UQAR<\/p>\n<p>Majdi Ben Selma; Alexie Labouze-Nasica\u00a0 &#8220;La coop\u00e9tition entre les institutions financi\u00e8res et les Fintechs et le lien avec l\u2019innovation : une approche par les microfondations et les capacit\u00e9s dynamiques&#8221; (ESG, UQAM)<\/p>\n<p>15:25- 15:50 &#8211; Amphith\u00e9\u00e2tre Telus<\/p>\n<p>&nbsp;<\/p>\n<h1><strong>INVITED SPEAKER: L&#8217;apport des Fintech dans le d\u00e9veloppement de l&#8217;exp\u00e9rience membres et clients chez Desjardins.<\/strong><\/h1>\n<p><strong>Nathalie Larue, <\/strong>Premi\u00e8re vice-pr\u00e9sidente, Strat\u00e9gie, Marketing Mouvement et Services aux particuliers<\/p>\n<p>15:30- 16:15 &#8211; Amphith\u00e9\u00e2tre Telus<\/p>\n<p>&nbsp;<\/p>\n<h1><strong>CLOSING SPEECH<\/strong><\/h1>\n<p><strong>Hamid Nach,<\/strong> UQAR<\/p>\n<p>16:15- 16:25 &#8211; Amphith\u00e9\u00e2tre Telus<\/p>\n<p>&nbsp;<\/p>\n<p>&nbsp;<\/p>\n","protected":false},"excerpt":{"rendered":"<p>REGISTRATION 07:30 &#8211; 16:30\u00a0 &#8211;\u00a0L\u2019Atrium Desjardins &nbsp; WELCOME ADDRESS: Jean-Pierre Ouellet, Recteur, UQAR. Sandra Rousseau, Directrice principale, Desjardins Lab 08:30 &#8211; 8:50\u00a0 &#8211; Amphith\u00e9\u00e2tre Telus &nbsp; INVITED SPEAKER: L&#8217;innovation au c\u0153ur de la transformation digitale Fran\u00e7ois Dion, CIO, Levio conseils 08:50 &#8211; 9:35\u00a0 &#8211; Amphith\u00e9\u00e2tre Telus &nbsp; COFFEE BREAK 09:35 &#8211; 09:55 &nbsp; PANEL 1:\u00a0&#8230; <\/p>\n<div class=\"clear\"><\/div>\n<p><a href=\"https:\/\/finteqc.uqar.ca\/2019\/full-program\/\" class=\"gdlr-info-font excerpt-read-more\">Read More<\/a><\/p>\n","protected":false},"author":1,"featured_media":0,"parent":0,"menu_order":0,"comment_status":"closed","ping_status":"closed","template":"","meta":{"footnotes":""},"class_list":["post-6102","page","type-page","status-publish","hentry"],"yoast_head":"<!-- This site is optimized with the Yoast SEO plugin v17.2.1 - https:\/\/yoast.com\/wordpress\/plugins\/seo\/ -->\n<title>Full Program - FinteQC 2019<\/title>\n<meta name=\"robots\" content=\"index, follow, max-snippet:-1, max-image-preview:large, max-video-preview:-1\" \/>\n<link rel=\"canonical\" href=\"https:\/\/finteqc.uqar.ca\/2019\/full-program\/\" \/>\n<meta property=\"og:locale\" content=\"en_US\" \/>\n<meta property=\"og:type\" content=\"article\" \/>\n<meta property=\"og:title\" content=\"Full Program - FinteQC 2019\" \/>\n<meta property=\"og:description\" content=\"REGISTRATION 07:30 &#8211; 16:30\u00a0 &#8211;\u00a0L\u2019Atrium Desjardins &nbsp; WELCOME ADDRESS: Jean-Pierre Ouellet, Recteur, UQAR. Sandra Rousseau, Directrice principale, Desjardins Lab 08:30 &#8211; 8:50\u00a0 &#8211; Amphith\u00e9\u00e2tre Telus &nbsp; INVITED SPEAKER: L&#8217;innovation au c\u0153ur de la transformation digitale Fran\u00e7ois Dion, CIO, Levio conseils 08:50 &#8211; 9:35\u00a0 &#8211; Amphith\u00e9\u00e2tre Telus &nbsp; COFFEE BREAK 09:35 &#8211; 09:55 &nbsp; PANEL 1:\u00a0... Read More\" \/>\n<meta property=\"og:url\" content=\"https:\/\/finteqc.uqar.ca\/2019\/full-program\/\" \/>\n<meta property=\"og:site_name\" content=\"FinteQC 2019\" \/>\n<meta property=\"article:modified_time\" content=\"2019-06-12T16:28:44+00:00\" \/>\n<meta name=\"twitter:card\" content=\"summary_large_image\" \/>\n<meta name=\"twitter:label1\" content=\"Est. reading time\" \/>\n\t<meta name=\"twitter:data1\" content=\"6 minutes\" \/>\n<script type=\"application\/ld+json\" class=\"yoast-schema-graph\">{\"@context\":\"https:\/\/schema.org\",\"@graph\":[{\"@type\":\"WebSite\",\"@id\":\"https:\/\/finteqc.uqar.ca\/2019\/#website\",\"url\":\"https:\/\/finteqc.uqar.ca\/2019\/\",\"name\":\"FinteQC 2019\",\"description\":\"The 1st annual Conference on Fintech and Banking Transformation\",\"potentialAction\":[{\"@type\":\"SearchAction\",\"target\":{\"@type\":\"EntryPoint\",\"urlTemplate\":\"https:\/\/finteqc.uqar.ca\/2019\/?s={search_term_string}\"},\"query-input\":\"required name=search_term_string\"}],\"inLanguage\":\"en-US\"},{\"@type\":\"WebPage\",\"@id\":\"https:\/\/finteqc.uqar.ca\/2019\/full-program\/#webpage\",\"url\":\"https:\/\/finteqc.uqar.ca\/2019\/full-program\/\",\"name\":\"Full Program - FinteQC 2019\",\"isPartOf\":{\"@id\":\"https:\/\/finteqc.uqar.ca\/2019\/#website\"},\"datePublished\":\"2019-04-24T15:22:50+00:00\",\"dateModified\":\"2019-06-12T16:28:44+00:00\",\"breadcrumb\":{\"@id\":\"https:\/\/finteqc.uqar.ca\/2019\/full-program\/#breadcrumb\"},\"inLanguage\":\"en-US\",\"potentialAction\":[{\"@type\":\"ReadAction\",\"target\":[\"https:\/\/finteqc.uqar.ca\/2019\/full-program\/\"]}]},{\"@type\":\"BreadcrumbList\",\"@id\":\"https:\/\/finteqc.uqar.ca\/2019\/full-program\/#breadcrumb\",\"itemListElement\":[{\"@type\":\"ListItem\",\"position\":1,\"name\":\"Accueil\",\"item\":\"https:\/\/finteqc.uqar.ca\/2019\/\"},{\"@type\":\"ListItem\",\"position\":2,\"name\":\"Full Program\"}]}]}<\/script>\n<!-- \/ Yoast SEO plugin. -->","yoast_head_json":{"title":"Full Program - FinteQC 2019","robots":{"index":"index","follow":"follow","max-snippet":"max-snippet:-1","max-image-preview":"max-image-preview:large","max-video-preview":"max-video-preview:-1"},"canonical":"https:\/\/finteqc.uqar.ca\/2019\/full-program\/","og_locale":"en_US","og_type":"article","og_title":"Full Program - FinteQC 2019","og_description":"REGISTRATION 07:30 &#8211; 16:30\u00a0 &#8211;\u00a0L\u2019Atrium Desjardins &nbsp; WELCOME ADDRESS: Jean-Pierre Ouellet, Recteur, UQAR. Sandra Rousseau, Directrice principale, Desjardins Lab 08:30 &#8211; 8:50\u00a0 &#8211; Amphith\u00e9\u00e2tre Telus &nbsp; INVITED SPEAKER: L&#8217;innovation au c\u0153ur de la transformation digitale Fran\u00e7ois Dion, CIO, Levio conseils 08:50 &#8211; 9:35\u00a0 &#8211; Amphith\u00e9\u00e2tre Telus &nbsp; COFFEE BREAK 09:35 &#8211; 09:55 &nbsp; PANEL 1:\u00a0... Read More","og_url":"https:\/\/finteqc.uqar.ca\/2019\/full-program\/","og_site_name":"FinteQC 2019","article_modified_time":"2019-06-12T16:28:44+00:00","twitter_card":"summary_large_image","twitter_misc":{"Est. reading time":"6 minutes"},"schema":{"@context":"https:\/\/schema.org","@graph":[{"@type":"WebSite","@id":"https:\/\/finteqc.uqar.ca\/2019\/#website","url":"https:\/\/finteqc.uqar.ca\/2019\/","name":"FinteQC 2019","description":"The 1st annual Conference on Fintech and Banking Transformation","potentialAction":[{"@type":"SearchAction","target":{"@type":"EntryPoint","urlTemplate":"https:\/\/finteqc.uqar.ca\/2019\/?s={search_term_string}"},"query-input":"required name=search_term_string"}],"inLanguage":"en-US"},{"@type":"WebPage","@id":"https:\/\/finteqc.uqar.ca\/2019\/full-program\/#webpage","url":"https:\/\/finteqc.uqar.ca\/2019\/full-program\/","name":"Full Program - FinteQC 2019","isPartOf":{"@id":"https:\/\/finteqc.uqar.ca\/2019\/#website"},"datePublished":"2019-04-24T15:22:50+00:00","dateModified":"2019-06-12T16:28:44+00:00","breadcrumb":{"@id":"https:\/\/finteqc.uqar.ca\/2019\/full-program\/#breadcrumb"},"inLanguage":"en-US","potentialAction":[{"@type":"ReadAction","target":["https:\/\/finteqc.uqar.ca\/2019\/full-program\/"]}]},{"@type":"BreadcrumbList","@id":"https:\/\/finteqc.uqar.ca\/2019\/full-program\/#breadcrumb","itemListElement":[{"@type":"ListItem","position":1,"name":"Accueil","item":"https:\/\/finteqc.uqar.ca\/2019\/"},{"@type":"ListItem","position":2,"name":"Full Program"}]}]}},"_links":{"self":[{"href":"https:\/\/finteqc.uqar.ca\/2019\/wp-json\/wp\/v2\/pages\/6102","targetHints":{"allow":["GET"]}}],"collection":[{"href":"https:\/\/finteqc.uqar.ca\/2019\/wp-json\/wp\/v2\/pages"}],"about":[{"href":"https:\/\/finteqc.uqar.ca\/2019\/wp-json\/wp\/v2\/types\/page"}],"author":[{"embeddable":true,"href":"https:\/\/finteqc.uqar.ca\/2019\/wp-json\/wp\/v2\/users\/1"}],"replies":[{"embeddable":true,"href":"https:\/\/finteqc.uqar.ca\/2019\/wp-json\/wp\/v2\/comments?post=6102"}],"version-history":[{"count":10,"href":"https:\/\/finteqc.uqar.ca\/2019\/wp-json\/wp\/v2\/pages\/6102\/revisions"}],"predecessor-version":[{"id":6472,"href":"https:\/\/finteqc.uqar.ca\/2019\/wp-json\/wp\/v2\/pages\/6102\/revisions\/6472"}],"wp:attachment":[{"href":"https:\/\/finteqc.uqar.ca\/2019\/wp-json\/wp\/v2\/media?parent=6102"}],"curies":[{"name":"wp","href":"https:\/\/api.w.org\/{rel}","templated":true}]}}